{"id":3,"date":"2024-08-24T12:46:04","date_gmt":"2024-08-24T12:46:04","guid":{"rendered":"https:\/\/die-digitale.net\/?page_id=3"},"modified":"2024-09-07T19:05:05","modified_gmt":"2024-09-07T19:05:05","slug":"datenschutz","status":"publish","type":"page","link":"https:\/\/die-digitale.net\/en\/datenschutz\/","title":{"rendered":"Datenschutzerkl\u00e4rung"},"content":{"rendered":"\n<p class=\"has-small-font-size\"><strong>Datenschutzerkl\u00e4rung<\/strong><\/p>\n\n\n\n<p class=\"has-small-font-size\">1. **Allgemeine Hinweise**<\/p>\n\n\n\n<p class=\"has-small-font-size\">&nbsp;&nbsp; &#8211; Der Schutz Ihrer Privatsph\u00e4re wird bei DIE-DIGITALE.NET bewahrt und gesichert. Nachfolgend informieren wir Sie \u00fcber den Umgang mit Ihren Daten.<\/p>\n\n\n\n<p class=\"has-small-font-size\">2. **Erhebung, Verarbeitung und Nutzung personenbezogener Daten**<\/p>\n\n\n\n<p class=\"has-small-font-size\">&nbsp;&nbsp; &#8211; Sie k\u00f6nnen unsere Seite **www.die-digitale.net** besuchen, ohne Angaben zu Ihrer Person zu machen. Wir speichern lediglich Zugriffsdaten ohne Personenbezug, wie z.B. die Seite, von der Sie uns besuchen, oder den Namen der angeforderten Datei. Diese Daten werden ausschlie\u00dflich zur Verbesserung unseres Angebotes ausgewertet und erlauben keinen R\u00fcckschluss auf Ihre Person.<\/p>\n\n\n\n<p class=\"has-small-font-size\">&nbsp;&nbsp; &#8211; Personenbezogene Daten werden nur erhoben, wenn Sie uns diese im Rahmen Ihrer Warenbestellung, bei Er\u00f6ffnung eines Kundenkontos auf **www.die-digitale.net** oder der Registrierung f\u00fcr unseren Newsletter freiwillig mitteilen. Wir verwenden die von Ihnen mitgeteilten Daten ausschlie\u00dflich zur Erf\u00fcllung und Abwicklung Ihrer Bestellung.<\/p>\n\n\n\n<p class=\"has-small-font-size\">&nbsp;&nbsp; &#8211; Nach vollst\u00e4ndiger Abwicklung des Vertrages und vollst\u00e4ndiger Kaufpreiszahlung werden Ihre Daten f\u00fcr die weitere Verwendung gesperrt und nach Ablauf der steuer- und handelsrechtlichen Aufbewahrungsfristen gel\u00f6scht, sofern Sie nicht ausdr\u00fccklich in die weitere Nutzung Ihrer Daten eingewilligt haben.<\/p>\n\n\n\n<p class=\"has-small-font-size\">&nbsp;&nbsp; &#8211; [Bei Anmeldung zum Newsletter wird Ihre E-Mail-Adresse f\u00fcr eigene Werbezwecke genutzt, bis Sie sich vom Newsletter abmelden. Die Abmeldung ist jederzeit m\u00f6glich.]<\/p>\n\n\n\n<p class=\"has-small-font-size\">3. **E-Mail-Werbung mit Anmeldung zum Newsletter**<\/p>\n\n\n\n<p class=\"has-small-font-size\">&nbsp;&nbsp; &#8211; Wenn Sie sich zu unserem Newsletter anmelden, verwenden wir die daf\u00fcr erforderlichen oder gesondert von Ihnen mitgeteilten Daten, um Ihnen regelm\u00e4\u00dfig unseren E-Mail-Newsletter aufgrund Ihrer Einwilligung zuzusenden. Die Abmeldung vom Newsletter ist jederzeit m\u00f6glich und kann entweder durch eine Nachricht an die unten beschriebene Kontaktm\u00f6glichkeit oder \u00fcber einen daf\u00fcr vorgesehenen Link im Newsletter erfolgen.<\/p>\n\n\n\n<p class=\"has-small-font-size\">4. **Weitergabe personenbezogener Daten**<\/p>\n\n\n\n<p class=\"has-small-font-size\">&nbsp;&nbsp; &#8211; Eine Weitergabe Ihrer Daten erfolgt an das mit der Lieferung beauftragte Versandunternehmen, soweit dies zur Lieferung der Waren notwendig ist.<\/p>\n\n\n\n<p class=\"has-small-font-size\">&nbsp;&nbsp; &#8211; Zur Abwicklung von Zahlungen geben wir Ihre Zahlungsdaten an das mit der Zahlung beauftragte Kreditinstitut weiter.<\/p>\n\n\n\n<p class=\"has-small-font-size\">5. **Rechte nach dem Bundesdatenschutzgesetz**<\/p>\n\n\n\n<p class=\"has-small-font-size\">&nbsp;&nbsp; &#8211; Nach dem Bundesdatenschutzgesetz haben Sie das Recht auf unentgeltliche Auskunft \u00fcber Ihre gespeicherten Daten sowie ggf. ein Recht auf Berichtigung, Sperrung oder L\u00f6schung dieser Daten.<\/p>\n\n\n\n<p class=\"has-small-font-size\">6. **Widerruf von Einwilligungen**<\/p>\n\n\n\n<p class=\"has-small-font-size\">&nbsp;&nbsp; &#8211; Sie haben das Recht, Ihre Einwilligung jederzeit mit Wirkung f\u00fcr die Zukunft zu widerrufen. Die Einwilligung zur Nutzung Ihrer E-Mail-Adresse f\u00fcr Werbezwecke k\u00f6nnen Sie jederzeit widerrufen, indem Sie den Link \u201eAbmelden\u201c am Ende des Newsletters anklicken.<\/p>\n\n\n\n<p class=\"has-small-font-size\">7. **Cookies**<\/p>\n\n\n\n<p class=\"has-small-font-size\">&nbsp;&nbsp; &#8211; Im Shop **www.die-digitale.net** werden Cookies verwendet, um Informationen \u00fcber den Inhalt Ihres Warenkorbes zu speichern, die bei Ihren n\u00e4chsten Besuchen aufgerufen werden k\u00f6nnen. Sie k\u00f6nnen die Annahme von Cookies \u00fcber die Einstellungen in Ihrem Browser verwalten und gegebenenfalls sperren.<\/p>\n\n\n\n<p class=\"has-small-font-size\">8. **Erstellung pseudonymer Nutzungsprofile zur Webanalyse**<\/p>\n\n\n\n<p class=\"has-small-font-size\">&nbsp;&nbsp; &#8211; Zur Webanalyse k\u00f6nnen Cookies eingesetzt werden. Diese erm\u00f6glichen eine Wiedererkennung beim erneuten Besuch unserer Website. Die pseudonymisierten Nutzungsprofile werden nicht mit personenbezogenen Daten zusammengef\u00fchrt. Der Datenerhebung und -speicherung k\u00f6nnen Sie jederzeit widersprechen.<\/p>\n\n\n\n<p class=\"has-small-font-size\">9. **Analyse mit Google Analytics**<\/p>\n\n\n\n<p class=\"has-small-font-size\">&nbsp;&nbsp; &#8211; Unsere Website benutzt Google Analytics, einen Webanalysedienst der Google Inc. (\u201eGoogle\u201c). Google Analytics verwendet Cookies, um eine Analyse der Benutzung der Website durch Sie zu erm\u00f6glichen. Die IP-Adresse wird in der Regel anonymisiert. Sie k\u00f6nnen die Installation der Cookies durch eine entsprechende Einstellung Ihrer Browser-Software verhindern oder das Google-Plugin installieren.<\/p>\n\n\n\n<p class=\"has-small-font-size\">10. **Verwendung von Social Plugins von Facebook, Google+, Twitter und AddThis**<\/p>\n\n\n\n<p class=\"has-small-font-size\">&nbsp;&nbsp;&nbsp; &#8211; Auf unserer Website werden Social Plugins von Facebook, Google+, Twitter und AddThis verwendet. Wenn Sie eine Seite besuchen, die ein solches Plugin enth\u00e4lt, baut Ihr Browser eine direkte Verbindung zu den Servern dieser Anbieter auf. Dies kann Daten wie Ihre IP-Adresse an die Anbieter \u00fcbermitteln.<\/p>\n\n\n\n<p class=\"has-small-font-size\">11. **Gutscheinangebote der Sovendus GmbH**<\/p>\n\n\n\n<p class=\"has-small-font-size\">&nbsp;&nbsp;&nbsp; &#8211; F\u00fcr Gutscheinangebote \u00fcbermitteln wir pseudonymisierte Daten wie den Hashwert Ihrer E-Mail-Adresse und Ihre IP-Adresse an die Sovendus GmbH. Diese Daten werden zur Auswahl relevanter Gutscheinangebote verwendet.<\/p>\n\n\n\n<p class=\"has-small-font-size\">12. **Betroffenenrechte**<\/p>\n\n\n\n<p class=\"has-small-font-size\">&nbsp;&nbsp;&nbsp; &#8211; Sie haben das Recht auf unentgeltliche Auskunft \u00fcber die zu Ihrer Person gespeicherten Daten sowie ggf. das Recht auf Berichtigung, Einschr\u00e4nkung der Verarbeitung, Daten\u00fcbertragbarkeit oder L\u00f6schung dieser Daten. Bei Fragen k\u00f6nnen Sie sich direkt an uns wenden.<\/p>\n\n\n\n<p class=\"has-small-font-size\">13. **Ansprechpartner f\u00fcr Datenschutz**<\/p>\n\n\n\n<p class=\"has-small-font-size\">&nbsp;&nbsp;&nbsp; &#8211; Bei datenschutzrechtlichen Fragen oder Anliegen wenden Sie sich bitte an: **MANAGEMENT(AT)AURMEL.com**<\/p>\n\n\n\n<p class=\"has-small-font-size\"><\/p>\n","protected":false},"excerpt":{"rendered":"<p>Datenschutzerkl\u00e4rung 1. **Allgemeine Hinweise** &nbsp;&nbsp; &#8211; Der Schutz Ihrer Privatsph\u00e4re wird bei DIE-DIGITALE.NET bewahrt und gesichert. Nachfolgend informieren wir Sie \u00fcber den Umgang mit Ihren Daten. 2. **Erhebung, Verarbeitung und Nutzung personenbezogener Daten** &nbsp;&nbsp; &#8211; Sie k\u00f6nnen unsere Seite **www.die-digitale.net** besuchen, ohne Angaben zu Ihrer Person zu machen. Wir speichern lediglich Zugriffsdaten ohne Personenbezug, wie [&hellip;]<\/p>\n","protected":false},"author":1,"featured_media":0,"parent":0,"menu_order":0,"comment_status":"closed","ping_status":"closed","template":"","meta":{"footnotes":""},"class_list":["post-3","page","type-page","status-publish","hentry"],"_links":{"self":[{"href":"https:\/\/die-digitale.net\/en\/wp-json\/wp\/v2\/pages\/3","targetHints":{"allow":["GET"]}}],"collection":[{"href":"https:\/\/die-digitale.net\/en\/wp-json\/wp\/v2\/pages"}],"about":[{"href":"https:\/\/die-digitale.net\/en\/wp-json\/wp\/v2\/types\/page"}],"author":[{"embeddable":true,"href":"https:\/\/die-digitale.net\/en\/wp-json\/wp\/v2\/users\/1"}],"replies":[{"embeddable":true,"href":"https:\/\/die-digitale.net\/en\/wp-json\/wp\/v2\/comments?post=3"}],"version-history":[{"count":3,"href":"https:\/\/die-digitale.net\/en\/wp-json\/wp\/v2\/pages\/3\/revisions"}],"predecessor-version":[{"id":908,"href":"https:\/\/die-digitale.net\/en\/wp-json\/wp\/v2\/pages\/3\/revisions\/908"}],"wp:attachment":[{"href":"https:\/\/die-digitale.net\/en\/wp-json\/wp\/v2\/media?parent=3"}],"curies":[{"name":"wp","href":"https:\/\/api.w.org\/{rel}","templated":true}]}}